{"id":5140,"date":"2025-01-21T18:45:29","date_gmt":"2025-01-21T18:45:29","guid":{"rendered":"https:\/\/afrikteksoftwares.com\/lfp\/?page_id=5140"},"modified":"2025-08-20T18:44:43","modified_gmt":"2025-08-20T18:44:43","slug":"classement","status":"publish","type":"page","link":"https:\/\/afrikteksoftwares.com\/lfp\/index.php\/division-3\/poule-b\/classement\/","title":{"rendered":"Classement"},"content":{"rendered":"<div class=\"wpb-content-wrapper\"><p>[vc_row][vc_column][vc_column_text css=\u00a0\u00bb\u00a0\u00bb]<div class=\"sportspress\">    <div class=\"row\">\n        <div class=\"col-md-8\"><\/div>\n        <div class=\"col-md-4\" align=\"right\" style=\"margin: 0 0 15px 0;position: absolute;right: 15px;margin-top: -13px;\">\n        <select name=\"selectJournee\" id=\"selectJournee\">\n            <option value=\"\">S\u00e9lectionnez une journ\u00e9e<\/option> \n            \n                                            <option value=\"8\">8\u00e8me Journ\u00e9e<\/option>\n                                         \n                      \n                \n                                         \n                      \n                \n                                         \n                      \n                \n                                         \n                      \n                \n                                         \n                      \n                \n                                            <option value=\"7\">7\u00e8me Journ\u00e9e<\/option>\n                                         \n                      \n                \n                                         \n                      \n                \n                                         \n                      \n                \n                                         \n                      \n                \n                                         \n                      \n                \n                                         \n                      \n                \n                                            <option value=\"6\">6\u00e8me Journ\u00e9e<\/option>\n                                         \n                      \n                \n                                         \n                      \n                \n                                         \n                      \n                \n                                         \n                      \n                \n                                         \n                      \n                \n                                            <option value=\"5\">5\u00e8me Journ\u00e9e<\/option>\n                                         \n                      \n                \n                                         \n                      \n                \n                                         \n                      \n                \n                                         \n                      \n                \n                                         \n                      \n                \n                                            <option value=\"4\">4\u00e8me Journ\u00e9e<\/option>\n                                         \n                      \n                \n                                         \n                      \n                \n                                         \n                      \n                \n                                         \n                      \n                \n                                         \n                      \n                \n                                            <option value=\"3\">3\u00e8me Journ\u00e9e<\/option>\n                                         \n                      \n                \n                                         \n                      \n                \n                                         \n                      \n                \n                                         \n                      \n                \n                                         \n                      \n                \n                                            <option value=\"2\">2\u00e8me Journ\u00e9e<\/option>\n                                         \n                      \n                \n                                         \n                      \n                \n                                         \n                      \n                \n                                         \n                      \n                \n                                         \n                      \n                \n                                            <option value=\"1\">1\u00e8re Journ\u00e9e<\/option>\n                                         \n                      \n                \n                                         \n                      \n                \n                                         \n                      \n                \n                                         \n                      \n                \n                                         \n                      \n                        <\/select><\/div>\n    <\/div>\n<div class=\"sp-template sp-template-league-table\"> \n\t<h4 class=\"sp-table-caption\">Division 3 &#8211; Poule B &#8211; 2025-2026 <\/h4><div class=\"sp-table-wrapper\"><table class=\"sp-league-table sp-data-table sp-sortable-table sp-responsive-table table_69f4bc5e08f88 sp-scrollable-table sp-paginated-table\" data-sp-rows=\"20\"><thead><tr><th class=\"data-rank\">#<\/th><th class=\"data-name\">Club<\/th><th class=\"data-p\">MJ<\/th><th class=\"data-v\">V<\/th><th class=\"data-d\">N<\/th><th class=\"data-l\">D<\/th><th class=\"data-f\">BM<\/th><th class=\"data-a\">BE<\/th><th class=\"data-gd\">DB<\/th><th class=\"data-pts\">Pts<\/th><\/tr><\/thead><tbody><tr class=\"odd sp-row-no-0\"><td class=\"data-rank\" data-label=\"Pos\">0<\/td><td class=\"data-name has-logo\" data-label=\"Club\"><span class=\"team-logo\"><img decoding=\"async\" width=\"128\" height=\"69\" src=\"https:\/\/afrikteksoftwares.com\/lfp\/wp-content\/uploads\/2024\/10\/logo-128x69.png\" class=\"attachment-sportspress-fit-icon size-sportspress-fit-icon wp-post-image\" alt=\"\" \/><\/span>ABIDJAN CITY FCA<\/td><td class=\"data-p\" data-label=\"MJ\">0<\/td><td class=\"data-v\" data-label=\"V\">0<\/td><td class=\"data-d\" data-label=\"N\">0<\/td><td class=\"data-l\" data-label=\"D\">0<\/td><td class=\"data-f\" data-label=\"BM\">0<\/td><td class=\"data-a\" data-label=\"BE\">0<\/td><td class=\"data-gd\" data-label=\"DB\">0<\/td><td class=\"data-pts\" data-label=\"Pts\">0<\/td><\/tr><tr class=\"even sp-row-no-1\"><td class=\"data-rank\" data-label=\"Pos\">0<\/td><td class=\"data-name has-logo\" data-label=\"Club\"><span class=\"team-logo\"><img decoding=\"async\" width=\"128\" height=\"69\" src=\"https:\/\/afrikteksoftwares.com\/lfp\/wp-content\/uploads\/2024\/10\/logo-128x69.png\" class=\"attachment-sportspress-fit-icon size-sportspress-fit-icon wp-post-image\" alt=\"\" \/><\/span>AC. TUO<\/td><td class=\"data-p\" data-label=\"MJ\">0<\/td><td class=\"data-v\" data-label=\"V\">0<\/td><td class=\"data-d\" data-label=\"N\">0<\/td><td class=\"data-l\" data-label=\"D\">0<\/td><td class=\"data-f\" data-label=\"BM\">0<\/td><td class=\"data-a\" data-label=\"BE\">0<\/td><td class=\"data-gd\" data-label=\"DB\">0<\/td><td class=\"data-pts\" data-label=\"Pts\">0<\/td><\/tr><tr class=\"odd sp-row-no-2\"><td class=\"data-rank\" data-label=\"Pos\">0<\/td><td class=\"data-name has-logo\" data-label=\"Club\"><span class=\"team-logo\"><img decoding=\"async\" width=\"128\" height=\"128\" src=\"https:\/\/afrikteksoftwares.com\/lfp\/wp-content\/uploads\/2024\/11\/ADFCA-128x128.png\" class=\"attachment-sportspress-fit-icon size-sportspress-fit-icon wp-post-image\" alt=\"\" \/><\/span>ADFCA<\/td><td class=\"data-p\" data-label=\"MJ\">0<\/td><td class=\"data-v\" data-label=\"V\">0<\/td><td class=\"data-d\" data-label=\"N\">0<\/td><td class=\"data-l\" data-label=\"D\">0<\/td><td class=\"data-f\" data-label=\"BM\">0<\/td><td class=\"data-a\" data-label=\"BE\">0<\/td><td class=\"data-gd\" data-label=\"DB\">0<\/td><td class=\"data-pts\" data-label=\"Pts\">0<\/td><\/tr><tr class=\"even sp-row-no-3\"><td class=\"data-rank\" data-label=\"Pos\">0<\/td><td class=\"data-name has-logo\" data-label=\"Club\"><span class=\"team-logo\"><img decoding=\"async\" width=\"128\" height=\"69\" src=\"https:\/\/afrikteksoftwares.com\/lfp\/wp-content\/uploads\/2024\/10\/logo-128x69.png\" class=\"attachment-sportspress-fit-icon size-sportspress-fit-icon wp-post-image\" alt=\"\" \/><\/span>ARROGATES FC<\/td><td class=\"data-p\" data-label=\"MJ\">0<\/td><td class=\"data-v\" data-label=\"V\">0<\/td><td class=\"data-d\" data-label=\"N\">0<\/td><td class=\"data-l\" data-label=\"D\">0<\/td><td class=\"data-f\" data-label=\"BM\">0<\/td><td class=\"data-a\" data-label=\"BE\">0<\/td><td class=\"data-gd\" data-label=\"DB\">0<\/td><td class=\"data-pts\" data-label=\"Pts\">0<\/td><\/tr><tr class=\"odd sp-row-no-4\"><td class=\"data-rank\" data-label=\"Pos\">0<\/td><td class=\"data-name has-logo\" data-label=\"Club\"><span class=\"team-logo\"><img decoding=\"async\" width=\"128\" height=\"69\" src=\"https:\/\/afrikteksoftwares.com\/lfp\/wp-content\/uploads\/2024\/10\/logo-128x69.png\" class=\"attachment-sportspress-fit-icon size-sportspress-fit-icon wp-post-image\" alt=\"\" \/><\/span>AS ATHLETIC<\/td><td class=\"data-p\" data-label=\"MJ\">0<\/td><td class=\"data-v\" data-label=\"V\">0<\/td><td class=\"data-d\" data-label=\"N\">0<\/td><td class=\"data-l\" data-label=\"D\">0<\/td><td class=\"data-f\" data-label=\"BM\">0<\/td><td class=\"data-a\" data-label=\"BE\">0<\/td><td class=\"data-gd\" data-label=\"DB\">0<\/td><td class=\"data-pts\" data-label=\"Pts\">0<\/td><\/tr><tr class=\"even sp-row-no-5\"><td class=\"data-rank\" data-label=\"Pos\">0<\/td><td class=\"data-name has-logo\" data-label=\"Club\"><span class=\"team-logo\"><img decoding=\"async\" width=\"128\" height=\"128\" src=\"https:\/\/afrikteksoftwares.com\/lfp\/wp-content\/uploads\/2025\/01\/atlantis-fc-128x128.png\" class=\"attachment-sportspress-fit-icon size-sportspress-fit-icon wp-post-image\" alt=\"\" \/><\/span>ATLANTIS FC<\/td><td class=\"data-p\" data-label=\"MJ\">0<\/td><td class=\"data-v\" data-label=\"V\">0<\/td><td class=\"data-d\" data-label=\"N\">0<\/td><td class=\"data-l\" data-label=\"D\">0<\/td><td class=\"data-f\" data-label=\"BM\">0<\/td><td class=\"data-a\" data-label=\"BE\">0<\/td><td class=\"data-gd\" data-label=\"DB\">0<\/td><td class=\"data-pts\" data-label=\"Pts\">0<\/td><\/tr><tr class=\"odd sp-row-no-6\"><td class=\"data-rank\" data-label=\"Pos\">0<\/td><td class=\"data-name has-logo\" data-label=\"Club\"><span class=\"team-logo\"><img loading=\"lazy\" decoding=\"async\" width=\"64\" height=\"64\" src=\"https:\/\/afrikteksoftwares.com\/lfp\/wp-content\/uploads\/2024\/11\/favicon.png\" class=\"attachment-sportspress-fit-icon size-sportspress-fit-icon wp-post-image\" alt=\"\" \/><\/span>CO MONAIOCE<\/td><td class=\"data-p\" data-label=\"MJ\">0<\/td><td class=\"data-v\" data-label=\"V\">0<\/td><td class=\"data-d\" data-label=\"N\">0<\/td><td class=\"data-l\" data-label=\"D\">0<\/td><td class=\"data-f\" data-label=\"BM\">0<\/td><td class=\"data-a\" data-label=\"BE\">0<\/td><td class=\"data-gd\" data-label=\"DB\">0<\/td><td class=\"data-pts\" data-label=\"Pts\">0<\/td><\/tr><tr class=\"even sp-row-no-7\"><td class=\"data-rank\" data-label=\"Pos\">0<\/td><td class=\"data-name has-logo\" data-label=\"Club\"><span class=\"team-logo\"><img decoding=\"async\" width=\"128\" height=\"69\" src=\"https:\/\/afrikteksoftwares.com\/lfp\/wp-content\/uploads\/2024\/10\/logo-128x69.png\" class=\"attachment-sportspress-fit-icon size-sportspress-fit-icon wp-post-image\" alt=\"\" \/><\/span>COSMOS FC<\/td><td class=\"data-p\" data-label=\"MJ\">0<\/td><td class=\"data-v\" data-label=\"V\">0<\/td><td class=\"data-d\" data-label=\"N\">0<\/td><td class=\"data-l\" data-label=\"D\">0<\/td><td class=\"data-f\" data-label=\"BM\">0<\/td><td class=\"data-a\" data-label=\"BE\">0<\/td><td class=\"data-gd\" data-label=\"DB\">0<\/td><td class=\"data-pts\" data-label=\"Pts\">0<\/td><\/tr><tr class=\"odd sp-row-no-8\"><td class=\"data-rank\" data-label=\"Pos\">0<\/td><td class=\"data-name has-logo\" data-label=\"Club\"><span class=\"team-logo\"><img decoding=\"async\" width=\"128\" height=\"69\" src=\"https:\/\/afrikteksoftwares.com\/lfp\/wp-content\/uploads\/2024\/10\/logo-128x69.png\" class=\"attachment-sportspress-fit-icon size-sportspress-fit-icon wp-post-image\" alt=\"\" \/><\/span>EDUS D&rsquo;ABOISSO<\/td><td class=\"data-p\" data-label=\"MJ\">0<\/td><td class=\"data-v\" data-label=\"V\">0<\/td><td class=\"data-d\" data-label=\"N\">0<\/td><td class=\"data-l\" data-label=\"D\">0<\/td><td class=\"data-f\" data-label=\"BM\">0<\/td><td class=\"data-a\" data-label=\"BE\">0<\/td><td class=\"data-gd\" data-label=\"DB\">0<\/td><td class=\"data-pts\" data-label=\"Pts\">0<\/td><\/tr><tr class=\"even sp-row-no-9\"><td class=\"data-rank\" data-label=\"Pos\">0<\/td><td class=\"data-name has-logo\" data-label=\"Club\"><span class=\"team-logo\"><img decoding=\"async\" width=\"128\" height=\"69\" src=\"https:\/\/afrikteksoftwares.com\/lfp\/wp-content\/uploads\/2024\/10\/logo-128x69.png\" class=\"attachment-sportspress-fit-icon size-sportspress-fit-icon wp-post-image\" alt=\"\" \/><\/span>ESPOIR KOUMASSI<\/td><td class=\"data-p\" data-label=\"MJ\">0<\/td><td class=\"data-v\" data-label=\"V\">0<\/td><td class=\"data-d\" data-label=\"N\">0<\/td><td class=\"data-l\" data-label=\"D\">0<\/td><td class=\"data-f\" data-label=\"BM\">0<\/td><td class=\"data-a\" data-label=\"BE\">0<\/td><td class=\"data-gd\" data-label=\"DB\">0<\/td><td class=\"data-pts\" data-label=\"Pts\">0<\/td><\/tr><tr class=\"odd sp-row-no-10\"><td class=\"data-rank\" data-label=\"Pos\">0<\/td><td class=\"data-name has-logo\" data-label=\"Club\"><span class=\"team-logo\"><img decoding=\"async\" width=\"128\" height=\"69\" src=\"https:\/\/afrikteksoftwares.com\/lfp\/wp-content\/uploads\/2024\/10\/logo-128x69.png\" class=\"attachment-sportspress-fit-icon size-sportspress-fit-icon wp-post-image\" alt=\"\" \/><\/span>FC BINTANAN<\/td><td class=\"data-p\" data-label=\"MJ\">0<\/td><td class=\"data-v\" data-label=\"V\">0<\/td><td class=\"data-d\" data-label=\"N\">0<\/td><td class=\"data-l\" data-label=\"D\">0<\/td><td class=\"data-f\" data-label=\"BM\">0<\/td><td class=\"data-a\" data-label=\"BE\">0<\/td><td class=\"data-gd\" data-label=\"DB\">0<\/td><td class=\"data-pts\" data-label=\"Pts\">0<\/td><\/tr><tr class=\"even sp-row-no-11\"><td class=\"data-rank\" data-label=\"Pos\">0<\/td><td class=\"data-name has-logo\" data-label=\"Club\"><span class=\"team-logo\"><img decoding=\"async\" width=\"128\" height=\"69\" src=\"https:\/\/afrikteksoftwares.com\/lfp\/wp-content\/uploads\/2024\/10\/logo-128x69.png\" class=\"attachment-sportspress-fit-icon size-sportspress-fit-icon wp-post-image\" alt=\"\" \/><\/span>FC NAFANA<\/td><td class=\"data-p\" data-label=\"MJ\">0<\/td><td class=\"data-v\" data-label=\"V\">0<\/td><td class=\"data-d\" data-label=\"N\">0<\/td><td class=\"data-l\" data-label=\"D\">0<\/td><td class=\"data-f\" data-label=\"BM\">0<\/td><td class=\"data-a\" data-label=\"BE\">0<\/td><td class=\"data-gd\" data-label=\"DB\">0<\/td><td class=\"data-pts\" data-label=\"Pts\">0<\/td><\/tr><tr class=\"odd sp-row-no-12\"><td class=\"data-rank\" data-label=\"Pos\">0<\/td><td class=\"data-name has-logo\" data-label=\"Club\"><span class=\"team-logo\"><img decoding=\"async\" width=\"128\" height=\"69\" src=\"https:\/\/afrikteksoftwares.com\/lfp\/wp-content\/uploads\/2024\/10\/logo-128x69.png\" class=\"attachment-sportspress-fit-icon size-sportspress-fit-icon wp-post-image\" alt=\"\" \/><\/span>JAC ZUENOULA<\/td><td class=\"data-p\" data-label=\"MJ\">0<\/td><td class=\"data-v\" data-label=\"V\">0<\/td><td class=\"data-d\" data-label=\"N\">0<\/td><td class=\"data-l\" data-label=\"D\">0<\/td><td class=\"data-f\" data-label=\"BM\">0<\/td><td class=\"data-a\" data-label=\"BE\">0<\/td><td class=\"data-gd\" data-label=\"DB\">0<\/td><td class=\"data-pts\" data-label=\"Pts\">0<\/td><\/tr><tr class=\"even sp-row-no-13\"><td class=\"data-rank\" data-label=\"Pos\">0<\/td><td class=\"data-name has-logo\" data-label=\"Club\"><span class=\"team-logo\"><img decoding=\"async\" width=\"128\" height=\"69\" src=\"https:\/\/afrikteksoftwares.com\/lfp\/wp-content\/uploads\/2024\/10\/logo-128x69.png\" class=\"attachment-sportspress-fit-icon size-sportspress-fit-icon wp-post-image\" alt=\"\" \/><\/span>JCAT<\/td><td class=\"data-p\" data-label=\"MJ\">0<\/td><td class=\"data-v\" data-label=\"V\">0<\/td><td class=\"data-d\" data-label=\"N\">0<\/td><td class=\"data-l\" data-label=\"D\">0<\/td><td class=\"data-f\" data-label=\"BM\">0<\/td><td class=\"data-a\" data-label=\"BE\">0<\/td><td class=\"data-gd\" data-label=\"DB\">0<\/td><td class=\"data-pts\" data-label=\"Pts\">0<\/td><\/tr><tr class=\"odd sp-row-no-14\"><td class=\"data-rank\" data-label=\"Pos\">0<\/td><td class=\"data-name has-logo\" data-label=\"Club\"><span class=\"team-logo\"><img loading=\"lazy\" decoding=\"async\" width=\"128\" height=\"128\" src=\"https:\/\/afrikteksoftwares.com\/lfp\/wp-content\/uploads\/2025\/01\/nour_fc-removebg-preview-128x128.png\" class=\"attachment-sportspress-fit-icon size-sportspress-fit-icon wp-post-image\" alt=\"\" \/><\/span>NOUR FC<\/td><td class=\"data-p\" data-label=\"MJ\">0<\/td><td class=\"data-v\" data-label=\"V\">0<\/td><td class=\"data-d\" data-label=\"N\">0<\/td><td class=\"data-l\" data-label=\"D\">0<\/td><td class=\"data-f\" data-label=\"BM\">0<\/td><td class=\"data-a\" data-label=\"BE\">0<\/td><td class=\"data-gd\" data-label=\"DB\">0<\/td><td class=\"data-pts\" data-label=\"Pts\">0<\/td><\/tr><tr class=\"even sp-row-no-15\"><td class=\"data-rank\" data-label=\"Pos\">0<\/td><td class=\"data-name has-logo\" data-label=\"Club\"><span class=\"team-logo\"><img decoding=\"async\" width=\"128\" height=\"69\" src=\"https:\/\/afrikteksoftwares.com\/lfp\/wp-content\/uploads\/2024\/10\/logo-128x69.png\" class=\"attachment-sportspress-fit-icon size-sportspress-fit-icon wp-post-image\" alt=\"\" \/><\/span>SACRABOUTOU<\/td><td class=\"data-p\" data-label=\"MJ\">0<\/td><td class=\"data-v\" data-label=\"V\">0<\/td><td class=\"data-d\" data-label=\"N\">0<\/td><td class=\"data-l\" data-label=\"D\">0<\/td><td class=\"data-f\" data-label=\"BM\">0<\/td><td class=\"data-a\" data-label=\"BE\">0<\/td><td class=\"data-gd\" data-label=\"DB\">0<\/td><td class=\"data-pts\" data-label=\"Pts\">0<\/td><\/tr><tr class=\"odd sp-row-no-16\"><td class=\"data-rank\" data-label=\"Pos\">0<\/td><td class=\"data-name has-logo\" data-label=\"Club\"><span class=\"team-logo\"><img decoding=\"async\" width=\"128\" height=\"69\" src=\"https:\/\/afrikteksoftwares.com\/lfp\/wp-content\/uploads\/2024\/10\/logo-128x69.png\" class=\"attachment-sportspress-fit-icon size-sportspress-fit-icon wp-post-image\" alt=\"\" \/><\/span>SATELLITE FC<\/td><td class=\"data-p\" data-label=\"MJ\">0<\/td><td class=\"data-v\" data-label=\"V\">0<\/td><td class=\"data-d\" data-label=\"N\">0<\/td><td class=\"data-l\" data-label=\"D\">0<\/td><td class=\"data-f\" data-label=\"BM\">0<\/td><td class=\"data-a\" data-label=\"BE\">0<\/td><td class=\"data-gd\" data-label=\"DB\">0<\/td><td class=\"data-pts\" data-label=\"Pts\">0<\/td><\/tr><tr class=\"even sp-row-no-17\"><td class=\"data-rank\" data-label=\"Pos\">0<\/td><td class=\"data-name has-logo\" data-label=\"Club\"><span class=\"team-logo\"><img decoding=\"async\" width=\"128\" height=\"69\" src=\"https:\/\/afrikteksoftwares.com\/lfp\/wp-content\/uploads\/2024\/10\/logo-128x69.png\" class=\"attachment-sportspress-fit-icon size-sportspress-fit-icon wp-post-image\" alt=\"\" \/><\/span>SCHADRAC FC<\/td><td class=\"data-p\" data-label=\"MJ\">0<\/td><td class=\"data-v\" data-label=\"V\">0<\/td><td class=\"data-d\" data-label=\"N\">0<\/td><td class=\"data-l\" data-label=\"D\">0<\/td><td class=\"data-f\" data-label=\"BM\">0<\/td><td class=\"data-a\" data-label=\"BE\">0<\/td><td class=\"data-gd\" data-label=\"DB\">0<\/td><td class=\"data-pts\" data-label=\"Pts\">0<\/td><\/tr><tr class=\"odd sp-row-no-18\"><td class=\"data-rank\" data-label=\"Pos\">0<\/td><td class=\"data-name has-logo\" data-label=\"Club\"><span class=\"team-logo\"><img loading=\"lazy\" decoding=\"async\" width=\"128\" height=\"128\" src=\"https:\/\/afrikteksoftwares.com\/lfp\/wp-content\/uploads\/2024\/12\/SONGON_FC-removebg-preview-128x128.png\" class=\"attachment-sportspress-fit-icon size-sportspress-fit-icon wp-post-image\" alt=\"\" \/><\/span>SONGON FC<\/td><td class=\"data-p\" data-label=\"MJ\">0<\/td><td class=\"data-v\" data-label=\"V\">0<\/td><td class=\"data-d\" data-label=\"N\">0<\/td><td class=\"data-l\" data-label=\"D\">0<\/td><td class=\"data-f\" data-label=\"BM\">0<\/td><td class=\"data-a\" data-label=\"BE\">0<\/td><td class=\"data-gd\" data-label=\"DB\">0<\/td><td class=\"data-pts\" data-label=\"Pts\">0<\/td><\/tr><tr class=\"even sp-row-no-19\"><td class=\"data-rank\" data-label=\"Pos\">0<\/td><td class=\"data-name has-logo\" data-label=\"Club\"><span class=\"team-logo\"><img loading=\"lazy\" decoding=\"async\" width=\"113\" height=\"128\" src=\"https:\/\/afrikteksoftwares.com\/lfp\/wp-content\/uploads\/2024\/12\/USCB-113x128.png\" class=\"attachment-sportspress-fit-icon size-sportspress-fit-icon wp-post-image\" alt=\"\" \/><\/span>USC BASSAM<\/td><td class=\"data-p\" data-label=\"MJ\">0<\/td><td class=\"data-v\" data-label=\"V\">0<\/td><td class=\"data-d\" data-label=\"N\">0<\/td><td class=\"data-l\" data-label=\"D\">0<\/td><td class=\"data-f\" data-label=\"BM\">0<\/td><td class=\"data-a\" data-label=\"BE\">0<\/td><td class=\"data-gd\" data-label=\"DB\">0<\/td><td class=\"data-pts\" data-label=\"Pts\">0<\/td><\/tr><tr class=\"odd sp-row-no-20\"><td class=\"data-rank\" data-label=\"Pos\">0<\/td><td class=\"data-name has-logo\" data-label=\"Club\"><span class=\"team-logo\"><img decoding=\"async\" width=\"128\" height=\"69\" src=\"https:\/\/afrikteksoftwares.com\/lfp\/wp-content\/uploads\/2024\/10\/logo-128x69.png\" class=\"attachment-sportspress-fit-icon size-sportspress-fit-icon wp-post-image\" alt=\"\" \/><\/span>YOPOUGON FC<\/td><td class=\"data-p\" data-label=\"MJ\">0<\/td><td class=\"data-v\" data-label=\"V\">0<\/td><td class=\"data-d\" data-label=\"N\">0<\/td><td class=\"data-l\" data-label=\"D\">0<\/td><td class=\"data-f\" data-label=\"BM\">0<\/td><td class=\"data-a\" data-label=\"BE\">0<\/td><td class=\"data-gd\" data-label=\"DB\">0<\/td><td class=\"data-pts\" data-label=\"Pts\">0<\/td><\/tr><\/tbody><\/table><\/div><\/div>\n <script>\n    jQuery(document).ready(function() {\n      \/\/ S\u00e9lectionne l'\u00e9l\u00e9ment select par son ID et attache l'\u00e9v\u00e9nement 'change'\n      jQuery('#selectJournee').on('change', function() {\n        \/\/ R\u00e9cup\u00e8re la valeur de l'option s\u00e9lectionn\u00e9e\n        var selectedValue = jQuery(this).val();\n        \n        location.href = \"?journee=\"+selectedValue;\n             \n      });\n    \n            });\n  <\/script>\n<\/div>[\/vc_column_text][\/vc_column][\/vc_row]<\/p>\n<\/div>","protected":false},"excerpt":{"rendered":"<p>[vc_row][vc_column][vc_column_text css=\u00a0\u00bb\u00a0\u00bb][\/vc_column_text][\/vc_column][\/vc_row]<\/p>\n","protected":false},"author":1,"featured_media":0,"parent":5127,"menu_order":0,"comment_status":"closed","ping_status":"closed","template":"sportpress-sidebar-right2.php","meta":{"_acf_changed":false,"footnotes":""},"class_list":["post-5140","page","type-page","status-publish","hentry"],"acf":[],"_links":{"self":[{"href":"https:\/\/afrikteksoftwares.com\/lfp\/index.php\/wp-json\/wp\/v2\/pages\/5140","targetHints":{"allow":["GET"]}}],"collection":[{"href":"https:\/\/afrikteksoftwares.com\/lfp\/index.php\/wp-json\/wp\/v2\/pages"}],"about":[{"href":"https:\/\/afrikteksoftwares.com\/lfp\/index.php\/wp-json\/wp\/v2\/types\/page"}],"author":[{"embeddable":true,"href":"https:\/\/afrikteksoftwares.com\/lfp\/index.php\/wp-json\/wp\/v2\/users\/1"}],"replies":[{"embeddable":true,"href":"https:\/\/afrikteksoftwares.com\/lfp\/index.php\/wp-json\/wp\/v2\/comments?post=5140"}],"version-history":[{"count":3,"href":"https:\/\/afrikteksoftwares.com\/lfp\/index.php\/wp-json\/wp\/v2\/pages\/5140\/revisions"}],"predecessor-version":[{"id":6464,"href":"https:\/\/afrikteksoftwares.com\/lfp\/index.php\/wp-json\/wp\/v2\/pages\/5140\/revisions\/6464"}],"up":[{"embeddable":true,"href":"https:\/\/afrikteksoftwares.com\/lfp\/index.php\/wp-json\/wp\/v2\/pages\/5127"}],"wp:attachment":[{"href":"https:\/\/afrikteksoftwares.com\/lfp\/index.php\/wp-json\/wp\/v2\/media?parent=5140"}],"curies":[{"name":"wp","href":"https:\/\/api.w.org\/{rel}","templated":true}]}}